{"id":124,"date":"2022-08-11T12:14:05","date_gmt":"2022-08-11T10:14:05","guid":{"rendered":"https:\/\/nextbike-live.pluspol-networks.de\/prishtinabike\/datenschutz\/"},"modified":"2024-07-22T14:08:47","modified_gmt":"2024-07-22T12:08:47","slug":"politika-e-privatesise","status":"publish","type":"page","link":"https:\/\/www.prishtinabike.com\/sq\/politika-e-privatesise\/","title":{"rendered":"Politika e privat\u00ebsis\u00eb s\u00eb t\u00eb dh\u00ebnave"},"content":{"rendered":"<div class=\"wpb-content-wrapper\"><p>[vc_row][vc_column][vc_column_text]<div class=\"ppi_privacy ppi_content\"><h1>Politika e privat\u00ebsis\u00eb s\u00eb t\u00eb dh\u00ebnave<\/h1>\n<p><strong>Emri dhe adresa e personit p\u00ebrgjegj\u00ebs<\/strong><\/p>\n<p>Personi p\u00ebrgjegj\u00ebs n\u00eb kuptim t\u00eb Rregullores Themelore p\u00ebr Mbrojtjen e t\u00eb Dh\u00ebnave dhe ligjeve t\u00eb tjera komb\u00ebtare p\u00ebr mbrojtjen e t\u00eb dh\u00ebnave t\u00eb shteteve an\u00ebtare, si dhe dispozitave t\u00eb tjera p\u00ebr mbrojtjen e t\u00eb dh\u00ebnave \u00ebsht\u00eb:<\/p>\n<p>Prishtina Bike<br \/>\nRr. Luan Haradinaj, objekti i ish ASK<br \/>\n10000 Prishtine, Kosovo<br \/>\n<a href=\"mailto:info@prishtinaparking.net\">info@prishtinaparking.net<\/a><\/p>\n<p>Ne e marrim shum\u00eb seriozisht mbrojtjen e t\u00eb dh\u00ebnave tuaja personale dhe i trajtojm\u00eb t\u00eb dh\u00ebnat tuaja personale n\u00eb m\u00ebnyr\u00eb konfidenciale dhe n\u00eb p\u00ebrputhje me rregulloret ligjore p\u00ebr mbrojtjen e t\u00eb dh\u00ebnave dhe k\u00ebt\u00eb politik\u00eb t\u00eb privat\u00ebsis\u00eb.<\/p>\n<p>P\u00ebrdorimi i faqeve tona t\u00eb internetit \u00ebsht\u00eb i mundur pa dh\u00ebn\u00eb t\u00eb dh\u00ebna personale. P\u00ebr aq sa t\u00eb dh\u00ebnat personale (p\u00ebr shembull emri, adresa ose adresa e-mail) mblidhen n\u00eb faqet tona, kjo b\u00ebhet gjithmon\u00eb, p\u00ebr aq sa \u00ebsht\u00eb e mundur, n\u00eb baza vullnetare. K\u00ebto t\u00eb dh\u00ebna nuk do t\u2019u kalohen pal\u00ebve t\u00eb treta pa p\u00eblqimin tuaj t\u00eb shprehur.<\/p>\n<p>Theksojm\u00eb se transmetimi i t\u00eb dh\u00ebnave p\u00ebrmes internetit (p.sh. komunikimi me e-mail) mund t\u00eb jet\u00eb subjekt i boshll\u00ebqeve t\u00eb siguris\u00eb. Mbrojtja e plot\u00eb e t\u00eb dh\u00ebnave kund\u00ebr aksesit nga pal\u00ebt e treta nuk \u00ebsht\u00eb e mundur. N\u00eb k\u00ebt\u00eb drejtim, rregulloret e m\u00ebposhtme ju informojn\u00eb p\u00ebr llojin, q\u00ebllimin dhe q\u00ebllimin e mbledhjes, p\u00ebrdorimit dhe p\u00ebrpunimit t\u00eb t\u00eb dh\u00ebnave personale nga ofruesi.<\/p>\n<p><a class=\"borlabs-cookie-preference\" href=\"#\">B\u00ebni cil\u00ebsimet individuale t\u00eb mbrojtjes s\u00eb t\u00eb dh\u00ebnave.<\/a><\/p>\n<h4 class=\"ppi_download_headline\">Shkarko<\/h4><div class=\"ppi_download_row ppi_row\"><div class=\"ppi_download_col ppi_col-md-6\"><p class=\"ppi_download_desc\">Politika e privat\u00ebsis\u00eb P\u00ebrdorimi i faqes n\u00eb internet<\/p><a aria-label=\"Compiled - updated 03092024\n\" href=\"https:\/\/www.prishtinabike.com\/wp-content\/uploads\/sites\/94\/2024\/09\/2024-07-09_Privacy_Notice_Website_nextbike_Kosovo_comipled_ALB_SRB_ENG-1.pdf\" target=\"_blank\" class=\"ppi_download_link\"><strong>Shkarko<\/strong><\/a><\/div><div class=\"ppi_download_col ppi_col-md-6\"><p class=\"ppi_download_desc\">P\u00ebrdorimi i aplikacionit t\u00eb politik\u00ebs s\u00eb privat\u00ebsis\u00eb<\/p><a aria-label=\"Hap n\u00eb nj\u00eb sked\u00eb t\u00eb re\" href=\"https:\/\/www.prishtinabike.com\/wp-content\/uploads\/sites\/94\/2024\/09\/2024-07-09_Privacy-Notice-APP_nextbike_KOSOVO_compiled_ALB_SRB_ENG.pdf\" target=\"_blank\" class=\"ppi_download_link\"><strong>Shkarko<\/strong><\/a><\/div><\/div><\/div>[\/vc_column_text][\/vc_column][\/vc_row]<\/p>\n<\/div>","protected":false},"excerpt":{"rendered":"<p>[vc_row][vc_column][vc_column_text][\/vc_column_text][\/vc_column][\/vc_row]<\/p>\n","protected":false},"author":5,"featured_media":0,"parent":0,"menu_order":0,"comment_status":"closed","ping_status":"closed","template":"page-bubble.php","meta":{"_acf_changed":false,"inline_featured_image":false,"footnotes":""},"class_list":["post-124","page","type-page","status-publish","hentry"],"acf":[],"yoast_head":"<!-- This site is optimized with the Yoast SEO plugin v27.2 - https:\/\/yoast.com\/product\/yoast-seo-wordpress\/ -->\n<title>Politika e privat\u00ebsis\u00eb s\u00eb t\u00eb dh\u00ebnave - Prishtina bike<\/title>\n<meta name=\"robots\" content=\"index, follow, max-snippet:-1, max-image-preview:large, max-video-preview:-1\" \/>\n<link rel=\"canonical\" href=\"https:\/\/www.prishtinabike.com\/sq\/politika-e-privatesise\/\" \/>\n<meta property=\"og:locale\" content=\"sq_AL\" \/>\n<meta property=\"og:type\" content=\"article\" \/>\n<meta property=\"og:title\" content=\"Politika e privat\u00ebsis\u00eb s\u00eb t\u00eb dh\u00ebnave - Prishtina bike\" \/>\n<meta property=\"og:description\" content=\"[vc_row][vc_column][vc_column_text][\/vc_column_text][\/vc_column][\/vc_row]\" \/>\n<meta property=\"og:url\" content=\"https:\/\/www.prishtinabike.com\/sq\/politika-e-privatesise\/\" \/>\n<meta property=\"og:site_name\" content=\"Prishtina bike\" \/>\n<meta property=\"article:modified_time\" content=\"2024-07-22T12:08:47+00:00\" \/>\n<meta name=\"twitter:card\" content=\"summary_large_image\" \/>\n<script type=\"application\/ld+json\" class=\"yoast-schema-graph\">{\"@context\":\"https:\/\/schema.org\",\"@graph\":[{\"@type\":\"WebPage\",\"@id\":\"https:\/\/www.prishtinabike.com\/sq\/politika-e-privatesise\/\",\"url\":\"https:\/\/www.prishtinabike.com\/sq\/politika-e-privatesise\/\",\"name\":\"Politika e privat\u00ebsis\u00eb s\u00eb t\u00eb dh\u00ebnave - Prishtina bike\",\"isPartOf\":{\"@id\":\"https:\/\/www.prishtinabike.com\/sq\/#website\"},\"datePublished\":\"2022-08-11T10:14:05+00:00\",\"dateModified\":\"2024-07-22T12:08:47+00:00\",\"breadcrumb\":{\"@id\":\"https:\/\/www.prishtinabike.com\/sq\/politika-e-privatesise\/#breadcrumb\"},\"inLanguage\":\"sq-AL\",\"potentialAction\":[{\"@type\":\"ReadAction\",\"target\":[\"https:\/\/www.prishtinabike.com\/sq\/politika-e-privatesise\/\"]}]},{\"@type\":\"BreadcrumbList\",\"@id\":\"https:\/\/www.prishtinabike.com\/sq\/politika-e-privatesise\/#breadcrumb\",\"itemListElement\":[{\"@type\":\"ListItem\",\"position\":1,\"name\":\"Startseite\",\"item\":\"https:\/\/www.prishtinabike.com\/sq\/\"},{\"@type\":\"ListItem\",\"position\":2,\"name\":\"Politika e privat\u00ebsis\u00eb s\u00eb t\u00eb dh\u00ebnave\"}]},{\"@type\":\"WebSite\",\"@id\":\"https:\/\/www.prishtinabike.com\/sq\/#website\",\"url\":\"https:\/\/www.prishtinabike.com\/sq\/\",\"name\":\"Prishtina bike\",\"description\":\"Bike Sharing by nextbike\",\"potentialAction\":[{\"@type\":\"SearchAction\",\"target\":{\"@type\":\"EntryPoint\",\"urlTemplate\":\"https:\/\/www.prishtinabike.com\/sq\/?s={search_term_string}\"},\"query-input\":{\"@type\":\"PropertyValueSpecification\",\"valueRequired\":true,\"valueName\":\"search_term_string\"}}],\"inLanguage\":\"sq-AL\"}]}<\/script>\n<!-- \/ Yoast SEO plugin. -->","yoast_head_json":{"title":"Politika e privat\u00ebsis\u00eb s\u00eb t\u00eb dh\u00ebnave - Prishtina bike","robots":{"index":"index","follow":"follow","max-snippet":"max-snippet:-1","max-image-preview":"max-image-preview:large","max-video-preview":"max-video-preview:-1"},"canonical":"https:\/\/www.prishtinabike.com\/sq\/politika-e-privatesise\/","og_locale":"sq_AL","og_type":"article","og_title":"Politika e privat\u00ebsis\u00eb s\u00eb t\u00eb dh\u00ebnave - Prishtina bike","og_description":"[vc_row][vc_column][vc_column_text][\/vc_column_text][\/vc_column][\/vc_row]","og_url":"https:\/\/www.prishtinabike.com\/sq\/politika-e-privatesise\/","og_site_name":"Prishtina bike","article_modified_time":"2024-07-22T12:08:47+00:00","twitter_card":"summary_large_image","schema":{"@context":"https:\/\/schema.org","@graph":[{"@type":"WebPage","@id":"https:\/\/www.prishtinabike.com\/sq\/politika-e-privatesise\/","url":"https:\/\/www.prishtinabike.com\/sq\/politika-e-privatesise\/","name":"Politika e privat\u00ebsis\u00eb s\u00eb t\u00eb dh\u00ebnave - Prishtina bike","isPartOf":{"@id":"https:\/\/www.prishtinabike.com\/sq\/#website"},"datePublished":"2022-08-11T10:14:05+00:00","dateModified":"2024-07-22T12:08:47+00:00","breadcrumb":{"@id":"https:\/\/www.prishtinabike.com\/sq\/politika-e-privatesise\/#breadcrumb"},"inLanguage":"sq-AL","potentialAction":[{"@type":"ReadAction","target":["https:\/\/www.prishtinabike.com\/sq\/politika-e-privatesise\/"]}]},{"@type":"BreadcrumbList","@id":"https:\/\/www.prishtinabike.com\/sq\/politika-e-privatesise\/#breadcrumb","itemListElement":[{"@type":"ListItem","position":1,"name":"Startseite","item":"https:\/\/www.prishtinabike.com\/sq\/"},{"@type":"ListItem","position":2,"name":"Politika e privat\u00ebsis\u00eb s\u00eb t\u00eb dh\u00ebnave"}]},{"@type":"WebSite","@id":"https:\/\/www.prishtinabike.com\/sq\/#website","url":"https:\/\/www.prishtinabike.com\/sq\/","name":"Prishtina bike","description":"Bike Sharing by nextbike","potentialAction":[{"@type":"SearchAction","target":{"@type":"EntryPoint","urlTemplate":"https:\/\/www.prishtinabike.com\/sq\/?s={search_term_string}"},"query-input":{"@type":"PropertyValueSpecification","valueRequired":true,"valueName":"search_term_string"}}],"inLanguage":"sq-AL"}]}},"_links":{"self":[{"href":"https:\/\/www.prishtinabike.com\/sq\/wp-json\/wp\/v2\/pages\/124","targetHints":{"allow":["GET"]}}],"collection":[{"href":"https:\/\/www.prishtinabike.com\/sq\/wp-json\/wp\/v2\/pages"}],"about":[{"href":"https:\/\/www.prishtinabike.com\/sq\/wp-json\/wp\/v2\/types\/page"}],"author":[{"embeddable":true,"href":"https:\/\/www.prishtinabike.com\/sq\/wp-json\/wp\/v2\/users\/5"}],"replies":[{"embeddable":true,"href":"https:\/\/www.prishtinabike.com\/sq\/wp-json\/wp\/v2\/comments?post=124"}],"version-history":[{"count":1,"href":"https:\/\/www.prishtinabike.com\/sq\/wp-json\/wp\/v2\/pages\/124\/revisions"}],"predecessor-version":[{"id":181,"href":"https:\/\/www.prishtinabike.com\/sq\/wp-json\/wp\/v2\/pages\/124\/revisions\/181"}],"wp:attachment":[{"href":"https:\/\/www.prishtinabike.com\/sq\/wp-json\/wp\/v2\/media?parent=124"}],"curies":[{"name":"wp","href":"https:\/\/api.w.org\/{rel}","templated":true}]}}