{"id":130,"date":"2022-08-11T12:13:00","date_gmt":"2022-08-11T10:13:00","guid":{"rendered":"https:\/\/nextbike-live.pluspol-networks.de\/prishtinabike\/startseite\/"},"modified":"2024-07-18T15:08:31","modified_gmt":"2024-07-18T13:08:31","slug":"startseite","status":"publish","type":"page","link":"https:\/\/www.prishtinabike.com\/sq\/","title":{"rendered":"Startseite"},"content":{"rendered":"<div class=\"wpb-content-wrapper\"><p>[vc_row ppi_row_padding=&#8221;ppi_remove_padding_top,ppi_remove_padding_bottom&#8221; full_width=&#8221;stretch_row_content_no_spaces&#8221; el_class=&#8221;stage-row&#8221;][vc_column]<div class=\"nextbike stage\">\n                    <div class=\"stage__wrapper\">\n                        <div class=\"container\">\n                            <div class=\"stage__content\"><span class=\"h3\">Ndarja e bi\u00e7ikletave n\u00eb Prishtina<\/span><h1>Shkarkoni aplikacionin dhe hipni n\u00eb Prishtina bike<\/h1><div class=\"stage__content__stores\"><a class=\"nb-appstore-btn\" aria-label=\"Apple App Store\" href=\"https:\/\/apps.apple.com\/de\/app\/nextbike\/id504288371\" target=\"_blank\" data-custom-link=\"false\"><img decoding=\"async\" width=\"200px\" height=\"59px\" alt=\"Apple App Store\" src=\"https:\/\/www.prishtinabike.com\/wp-content\/uploads\/2022\/07\/apple-logo.svg\" \/><\/a><a class=\"nb-appstore-btn\" aria-label=\"Google App Store\" href=\"https:\/\/play.google.com\/store\/apps\/details?id=de.nextbike\" target=\"_blank\" data-custom-link=\"false\"><img decoding=\"async\" width=\"200px\" height=\"59px\" alt=\"Google App Store\" src=\"https:\/\/www.prishtinabike.com\/wp-content\/uploads\/2022\/07\/google-logo.svg\" \/><\/a><a class=\"nb-appstore-btn\" aria-label=\"Huawei App Store\" href=\"https:\/\/appgallery.huawei.com\/#\/app\/C102537239\" target=\"_blank\" data-custom-link=\"false\"><img decoding=\"async\" width=\"200px\" height=\"59px\" alt=\"Huawei App Store\" src=\"https:\/\/www.prishtinabike.com\/wp-content\/uploads\/2022\/07\/huawei-logo.svg\" \/><\/a><\/div>\n                            <\/div>\n                        <\/div><div role=\"img\" aria-label=\"Missing alt text\" class=\"stage__parallax parallax-speed5 show-for-md\" style=\"background-image: url(https:\/\/www.prishtinabike.com\/wp-content\/uploads\/2024\/04\/sun_background_optimized-1.svg)\"><\/div>\n                   <div role=\"img\" aria-label=\"Missing alt text\" class=\"stage__parallax parallax-speed4 show-for-md\" style=\"background-image: url(https:\/\/www.prishtinabike.com\/wp-content\/uploads\/2023\/03\/City_background.svg)\"><\/div>\n                   <div role=\"img\" aria-label=\"Missing alt text\" class=\"stage__parallax parallax-speed3 show-for-md\" style=\"background-image: url(https:\/\/www.prishtinabike.com\/wp-content\/uploads\/2024\/04\/header_LAYER-3-1.svg)\"><\/div>\n                   <div role=\"img\" aria-label=\"Missing alt text\" class=\"stage__parallax parallax-speed2 show-for-md\" style=\"background-image: url(https:\/\/www.prishtinabike.com\/wp-content\/uploads\/2024\/04\/header_LAYER-2.svg)\"><\/div>\n                   <div role=\"img\" aria-label=\"Missing alt text\" class=\"stage__parallax parallax-speed1 show-for-md\" style=\"background-image: url(https:\/\/www.prishtinabike.com\/wp-content\/uploads\/2024\/04\/header_LAYER-1.svg)\"><\/div><img decoding=\"async\" class=\"stage__mobile hide-for-md\" src=\"https:\/\/www.prishtinabike.com\/wp-content\/uploads\/2024\/04\/Mobile_header_static.svg\" alt=\"Missing alt text\" \/><\/div>\n                <\/div>[\/vc_column][\/vc_row][vc_row ppi_row_padding=&#8221;ppi_remove_padding_top&#8221;][vc_column]<div class=\"nextbike mockups\"><div class=\"mockups__item\">\n    <div class=\"mockups__item__container\">\n                <div class=\"mockups__item__image mockups__item__image__left\">\n                        <div class=\"mockups__item__image__img\">\n                <img loading=\"lazy\" decoding=\"async\" width=\"549\" height=\"858\" src=\"https:\/\/www.prishtinabike.com\/wp-content\/uploads\/2025\/04\/Phone-Mockup-Map-Active-Ride.png\" class=\"attachment-nex-sm size-nex-sm\" alt=\"nextbike App Screenshot zeigt die Leihrad-Stationskarte von nextbike \/ Verleihsystem-\u00dcbersichtskarte von Deutschland.\" srcset=\"https:\/\/www.prishtinabike.com\/wp-content\/uploads\/2025\/04\/Phone-Mockup-Map-Active-Ride.png 549w, https:\/\/www.prishtinabike.com\/wp-content\/uploads\/2025\/04\/Phone-Mockup-Map-Active-Ride-192x300.png 192w, https:\/\/www.prishtinabike.com\/wp-content\/uploads\/2025\/04\/Phone-Mockup-Map-Active-Ride-480x750.png 480w, https:\/\/www.prishtinabike.com\/wp-content\/uploads\/2025\/04\/Phone-Mockup-Map-Active-Ride-90x140.png 90w, https:\/\/www.prishtinabike.com\/wp-content\/uploads\/2025\/04\/Phone-Mockup-Map-Active-Ride-64x100.png 64w\" sizes=\"auto, (max-width: 549px) 100vw, 549px\" \/>            <\/div>\n                                                            <div class=\"mockups__item__image__bg parallax\">\n                        <img loading=\"lazy\" decoding=\"async\" width=\"550\" height=\"800\" src=\"https:\/\/www.prishtinabike.com\/wp-content\/uploads\/2024\/04\/bubble-MAP.svg\" class=\"attachment-nex-md size-nex-md\" alt=\"\" \/>                    <\/div>\n                                    <\/div>\n                        <div class=\"mockups__item__content mockups__item__content__left\">\n                        <h2 class=\"h3 mockups__item__headline\">\n                Prishtina bike            <\/h2>\n                                    <p class=\"mockups__item__text\">\n                Merr me qira nj\u00eb bi\u00e7iklet\u00eb dhe udh\u00ebto shpejt dhe n\u00eb m\u00ebnyr\u00eb t\u00eb q\u00ebndrueshme p\u00ebrmes Prishtina.            <\/p>\n                                    <a href=\"#perfitimet\" target=\"_self\" title=\"P\u00ebrfitimet\" class=\"mockups__item__link\" >\n                P\u00ebrfitimet            <\/a>\n                    <\/div>\n            <\/div>\n<\/div>\n<div class=\"mockups__item\">\n    <div class=\"mockups__item__container\">\n                <div class=\"mockups__item__image mockups__item__image__right\">\n                        <div class=\"mockups__item__image__img\">\n                <img loading=\"lazy\" decoding=\"async\" width=\"633\" height=\"827\" src=\"https:\/\/www.prishtinabike.com\/wp-content\/uploads\/2025\/04\/Phone-Mockup-QR-Code-Scanner.png\" class=\"attachment-nex-sm size-nex-sm\" alt=\"\" srcset=\"https:\/\/www.prishtinabike.com\/wp-content\/uploads\/2025\/04\/Phone-Mockup-QR-Code-Scanner.png 633w, https:\/\/www.prishtinabike.com\/wp-content\/uploads\/2025\/04\/Phone-Mockup-QR-Code-Scanner-230x300.png 230w, https:\/\/www.prishtinabike.com\/wp-content\/uploads\/2025\/04\/Phone-Mockup-QR-Code-Scanner-480x627.png 480w, https:\/\/www.prishtinabike.com\/wp-content\/uploads\/2025\/04\/Phone-Mockup-QR-Code-Scanner-107x140.png 107w, https:\/\/www.prishtinabike.com\/wp-content\/uploads\/2025\/04\/Phone-Mockup-QR-Code-Scanner-77x100.png 77w\" sizes=\"auto, (max-width: 633px) 100vw, 633px\" \/>            <\/div>\n                                                            <div class=\"mockups__item__image__bg parallax\">\n                        <img loading=\"lazy\" decoding=\"async\" width=\"550\" height=\"800\" src=\"https:\/\/www.prishtinabike.com\/wp-content\/uploads\/2024\/04\/bubble-SCAN.svg\" class=\"attachment-nex-md size-nex-md\" alt=\"\" \/>                    <\/div>\n                                    <\/div>\n                        <div class=\"mockups__item__content mockups__item__content__right\">\n                        <h2 class=\"h3 mockups__item__headline\">\n                Qera &amp; Kthim            <\/h2>\n                                    <p class=\"mockups__item__text\">\n                \u00cbsht\u00eb e leht\u00eb p\u00ebr t'u p\u00ebrdorur dhe ju \u00e7on atje shpejt.            <\/p>\n                                    <a href=\"#si-funksionon\" target=\"_self\" title=\"Si funksionon\" class=\"mockups__item__link\" >\n                Si funksionon            <\/a>\n                    <\/div>\n            <\/div>\n<\/div>\n<div class=\"mockups__item\">\n    <div class=\"mockups__item__container\">\n                <div class=\"mockups__item__image mockups__item__image__left\">\n                        <div class=\"mockups__item__image__img\">\n                <img loading=\"lazy\" decoding=\"async\" width=\"499\" height=\"762\" src=\"https:\/\/www.prishtinabike.com\/wp-content\/uploads\/2025\/04\/Phone-Mockup-Ride-Complete.png\" class=\"attachment-nex-sm size-nex-sm\" alt=\"nextbike App Screenshot zeigt Informationen (Ausleihdauer, Preis, Startpunkt, Endpunkt) einer beendeten Rad-Leihe.\" srcset=\"https:\/\/www.prishtinabike.com\/wp-content\/uploads\/2025\/04\/Phone-Mockup-Ride-Complete.png 499w, https:\/\/www.prishtinabike.com\/wp-content\/uploads\/2025\/04\/Phone-Mockup-Ride-Complete-196x300.png 196w, https:\/\/www.prishtinabike.com\/wp-content\/uploads\/2025\/04\/Phone-Mockup-Ride-Complete-480x733.png 480w, https:\/\/www.prishtinabike.com\/wp-content\/uploads\/2025\/04\/Phone-Mockup-Ride-Complete-92x140.png 92w, https:\/\/www.prishtinabike.com\/wp-content\/uploads\/2025\/04\/Phone-Mockup-Ride-Complete-65x100.png 65w\" sizes=\"auto, (max-width: 499px) 100vw, 499px\" \/>            <\/div>\n                                                            <div class=\"mockups__item__image__bg parallax\">\n                        <img loading=\"lazy\" decoding=\"async\" width=\"550\" height=\"800\" src=\"https:\/\/www.prishtinabike.com\/wp-content\/uploads\/2024\/04\/bubble-APP.svg\" class=\"attachment-nex-md size-nex-md\" alt=\"\" \/>                    <\/div>\n                                    <\/div>\n                        <div class=\"mockups__item__content mockups__item__content__left\">\n                        <h2 class=\"h3 mockups__item__headline\">\n                E p\u00ebrballueshme dhe e q\u00ebndrueshme            <\/h2>\n                                    <p class=\"mockups__item__text\">\n                Rrotulloni - dhe shijoni nj\u00eb udh\u00ebtim t\u00eb qet\u00eb me zero emetime. 30 minutat e para p\u00ebr qira jan\u00eb falas.            <\/p>\n                                    <a href=\"#tarifat\" target=\"_self\" title=\"Tarifat tona\" class=\"mockups__item__link\" >\n                Tarifat tona            <\/a>\n                    <\/div>\n            <\/div>\n<\/div>\n<\/div>[\/vc_column][\/vc_row][vc_row ppi_row_type=&#8221;ppi_bg_grey&#8221; full_width=&#8221;stretch_row&#8221; el_id=&#8221;si-funksionon&#8221;][vc_column]<div class=\"nextbike how-its-done\">\n    <h2>Si funksionon<\/h2>\n\n\n\n<div class=\"how-its-done__container\">\n                        <div class=\"how-its-done__ctab how-its-done__ctab__tab1 how-its-done__ctab__current\" data-ctab=\"tab1\">\n                <div class=\"how-its-done__image\">\n                    <img loading=\"lazy\" decoding=\"async\" width=\"400\" height=\"400\" src=\"https:\/\/www.prishtinabike.com\/wp-content\/uploads\/2024\/04\/Framelock.svg\" class=\"attachment-nex-md size-nex-md\" alt=\"Grafische Darstellung: Rad-Leihe wird \u00fcber nextbike App gestartet, wodurch das Rahmenschloss am Rad aufspringt.\" \/>                <\/div>\n                <div class=\"how-its-done__content\">\n                                            <h3 class=\"h5\">Regjistrimi<\/h3>\n                                                                <p>Regjistrimi \u00ebsht\u00eb pa pages\u00eb. P\u00ebr t\u00eb verifikuar llogarin\u00eb tuaj, k\u00ebrkohet nj\u00eb depozit\u00eb prej 5 \u20ac dhe do t\u00eb b\u00ebhet kredi me qira p\u00ebr t'u p\u00ebrdorur m\u00eb von\u00eb.<\/p>\n                                                                <h3 class=\"h5\">Qera<\/h3>\n                                                                <p>Thjesht skanoni kodin QR n\u00eb bi\u00e7iklet\u00eb me aplikacionin nextbike dhe FrameLock do t\u00eb hapet automatikisht.<\/p>\n                                                                <h3 class=\"h5\">Modaliteti i parkimit<\/h3>\n                                                                <p>D\u00ebshironi t\u00eb parkoni bi\u00e7iklet\u00ebn tuaj gjat\u00eb nj\u00eb qiraje? Fillimisht aktivizoni modalitetin e parkimit n\u00eb aplikacion dhe m\u00eb pas shtypni lev\u00ebn FrameLock posht\u00eb p\u00ebr t\u00eb ky\u00e7ur bi\u00e7iklet\u00ebn. Qiraja vazhdon. Hapni p\u00ebrs\u00ebri bllokimin nga aplikacioni.<\/p>\n                                                                <h3 class=\"h5\">Kthimi<\/h3>\n                                                                <p>Kthejeni bi\u00e7iklet\u00ebn tuaj pran\u00eb nj\u00eb stacioni zyrtar dhe mbyllni Framelock. Qiraja do t\u00eb nd\u00ebrpritet automatikisht.<\/p>\n                                    <\/div>\n            <\/div>\n                                                            <\/div>\n<\/div>[\/vc_column][\/vc_row][vc_row el_id=&#8221;tarifat&#8221;][vc_column]<div class=\"nextbike tariffs\"><h2>Tarifat tona<\/h2><div class=\"tariffs__text\"><p>&nbsp;<\/p>\n<\/p><\/div><div class=\"tariffs__tabs tariffs__tabs__hidden\"><a role=\"button\" href=\"#\" class=\"tariffs__tab tariffs__tab__current\" data-tab=\"Standard\">Standard<\/a><\/div><div class=\"tariffs__contents\"><div class=\"tariffs__content  tariffs__content__current\" data-content=\"Standard\"><div class=\"tariffs__content__card\">\n    <span class=\"h5\" role=\"heading\">Prishtina bike<\/span>\n    <h3 class=\"h2\">tarifa baz\u00eb<\/h3>\n    <h4 class=\"h3\">0 \u20ac\/30 min<\/h4>\n    <p><p>30 minutat e para p\u00ebr qira jan\u00eb pa pages\u00eb. \u00c7do 60 minuta shtes\u00eb kushton 0.50 \u20ac.<\/p>\n<\/p>\n<\/div>\n<\/div><\/div><\/div>[\/vc_column][\/vc_row][vc_row full_width=&#8221;stretch_row_content_no_spaces&#8221; disable_element=&#8221;yes&#8221;][vc_column][\/vc_column][\/vc_row][vc_row ppi_row_padding=&#8221;ppi_remove_padding_bottom&#8221; full_width=&#8221;stretch_row_content_no_spaces&#8221; el_id=&#8221;perfitimet&#8221;][vc_column]<div class=\"nextbike slider\">\n            <div class=\"slider__black\">\n            <h2 class=\"h1\">Zbuloni Prishtin\u00ebn me bi\u00e7iklet\u00eb<\/h2>\n        <\/div>\n        <div class=\"full-width-slider\">\n                        <div class=\"slider__slide center\">\n                    <img loading=\"lazy\" decoding=\"async\" width=\"1920\" height=\"1280\" src=\"https:\/\/www.prishtinabike.com\/wp-content\/uploads\/sites\/94\/2024\/07\/Smartbike_2.0_janine_girl_hug.jpg\" class=\"attachment-nex-max size-nex-max wp-post-image\" alt=\"\" srcset=\"https:\/\/www.prishtinabike.com\/wp-content\/uploads\/sites\/94\/2024\/07\/Smartbike_2.0_janine_girl_hug.jpg 1920w, https:\/\/www.prishtinabike.com\/wp-content\/uploads\/sites\/94\/2024\/07\/Smartbike_2.0_janine_girl_hug-300x200.jpg 300w, https:\/\/www.prishtinabike.com\/wp-content\/uploads\/sites\/94\/2024\/07\/Smartbike_2.0_janine_girl_hug-1024x683.jpg 1024w, https:\/\/www.prishtinabike.com\/wp-content\/uploads\/sites\/94\/2024\/07\/Smartbike_2.0_janine_girl_hug-768x512.jpg 768w, https:\/\/www.prishtinabike.com\/wp-content\/uploads\/sites\/94\/2024\/07\/Smartbike_2.0_janine_girl_hug-1200x800.jpg 1200w, https:\/\/www.prishtinabike.com\/wp-content\/uploads\/sites\/94\/2024\/07\/Smartbike_2.0_janine_girl_hug-992x661.jpg 992w, https:\/\/www.prishtinabike.com\/wp-content\/uploads\/sites\/94\/2024\/07\/Smartbike_2.0_janine_girl_hug-480x320.jpg 480w, https:\/\/www.prishtinabike.com\/wp-content\/uploads\/sites\/94\/2024\/07\/Smartbike_2.0_janine_girl_hug-210x140.jpg 210w, https:\/\/www.prishtinabike.com\/wp-content\/uploads\/sites\/94\/2024\/07\/Smartbike_2.0_janine_girl_hug-150x100.jpg 150w\" sizes=\"auto, (max-width: 1920px) 100vw, 1920px\" \/>                                            <div class=\"slider__slide__overlay\" style=\"background-color: rgba(0,0,0,0.33);\"><\/div>\n                                        <div class=\"slider__slide__inner container\">\n                        <h3 class=\"h2\">Bi\u00e7ikleta p\u00ebr t\u00eb gjith\u00eb<\/h3>                        <h4 class=\"h3\">30 minutat e para p\u00ebr qira jan\u00eb falas.<\/h4>                                            <\/div>\n                <\/div>\n                <\/div>\n<\/div>\n[\/vc_column][\/vc_row]<\/p>\n<\/div>","protected":false},"excerpt":{"rendered":"<p>[vc_row ppi_row_padding=&#8221;ppi_remove_padding_top,ppi_remove_padding_bottom&#8221; full_width=&#8221;stretch_row_content_no_spaces&#8221; el_class=&#8221;stage-row&#8221;][vc_column][\/vc_column][\/vc_row][vc_row ppi_row_padding=&#8221;ppi_remove_padding_top&#8221;][vc_column][\/vc_column][\/vc_row][vc_row ppi_row_type=&#8221;ppi_bg_grey&#8221; full_width=&#8221;stretch_row&#8221; el_id=&#8221;si-funksionon&#8221;][vc_column][\/vc_column][\/vc_row][vc_row el_id=&#8221;tarifat&#8221;][vc_column][\/vc_column][\/vc_row][vc_row full_width=&#8221;stretch_row_content_no_spaces&#8221; disable_element=&#8221;yes&#8221;][vc_column][\/vc_column][\/vc_row][vc_row ppi_row_padding=&#8221;ppi_remove_padding_bottom&#8221; full_width=&#8221;stretch_row_content_no_spaces&#8221; el_id=&#8221;perfitimet&#8221;][vc_column][\/vc_column][\/vc_row]<\/p>\n","protected":false},"author":5,"featured_media":0,"parent":0,"menu_order":0,"comment_status":"closed","ping_status":"closed","template":"","meta":{"_acf_changed":false,"inline_featured_image":false,"footnotes":""},"class_list":["post-130","page","type-page","status-publish","hentry"],"acf":[],"yoast_head":"<!-- This site is optimized with the Yoast SEO plugin v27.2 - https:\/\/yoast.com\/product\/yoast-seo-wordpress\/ -->\n<title>Official Bike Sharing Prishtina - Rent a Bike<\/title>\n<meta name=\"description\" content=\"Easy Bike Sharing pa marr\u00eb parasysh n\u00ebse vet\u00ebm p\u00ebr 30 minuta apo nj\u00eb dit\u00eb t\u00eb t\u00ebr\u00eb. Bi\u00e7ikleta tjet\u00ebr \u00ebsht\u00eb af\u00ebr qoshes. Nuk jeni ende an\u00ebtar? Regjistrohu tani!\" \/>\n<meta name=\"robots\" content=\"index, follow, max-snippet:-1, max-image-preview:large, max-video-preview:-1\" \/>\n<link rel=\"canonical\" href=\"https:\/\/www.prishtinabike.com\/sq\/\" \/>\n<meta property=\"og:locale\" content=\"sq_AL\" \/>\n<meta property=\"og:type\" content=\"article\" \/>\n<meta property=\"og:title\" content=\"Official Bike Sharing Prishtina - Rent a Bike\" \/>\n<meta property=\"og:description\" content=\"Easy Bike Sharing pa marr\u00eb parasysh n\u00ebse vet\u00ebm p\u00ebr 30 minuta apo nj\u00eb dit\u00eb t\u00eb t\u00ebr\u00eb. Bi\u00e7ikleta tjet\u00ebr \u00ebsht\u00eb af\u00ebr qoshes. Nuk jeni ende an\u00ebtar? Regjistrohu tani!\" \/>\n<meta property=\"og:url\" content=\"https:\/\/www.prishtinabike.com\/sq\/\" \/>\n<meta property=\"og:site_name\" content=\"Prishtina bike\" \/>\n<meta property=\"article:modified_time\" content=\"2024-07-18T13:08:31+00:00\" \/>\n<meta name=\"twitter:card\" content=\"summary_large_image\" \/>\n<meta name=\"twitter:label1\" content=\"Est. reading time\" \/>\n\t<meta name=\"twitter:data1\" content=\"1 minute\" \/>\n<script type=\"application\/ld+json\" class=\"yoast-schema-graph\">{\"@context\":\"https:\/\/schema.org\",\"@graph\":[{\"@type\":\"WebPage\",\"@id\":\"https:\/\/www.prishtinabike.com\/sq\/\",\"url\":\"https:\/\/www.prishtinabike.com\/sq\/\",\"name\":\"Official Bike Sharing Prishtina - Rent a Bike\",\"isPartOf\":{\"@id\":\"https:\/\/www.prishtinabike.com\/sq\/#website\"},\"datePublished\":\"2022-08-11T10:13:00+00:00\",\"dateModified\":\"2024-07-18T13:08:31+00:00\",\"description\":\"Easy Bike Sharing pa marr\u00eb parasysh n\u00ebse vet\u00ebm p\u00ebr 30 minuta apo nj\u00eb dit\u00eb t\u00eb t\u00ebr\u00eb. Bi\u00e7ikleta tjet\u00ebr \u00ebsht\u00eb af\u00ebr qoshes. Nuk jeni ende an\u00ebtar? Regjistrohu tani!\",\"breadcrumb\":{\"@id\":\"https:\/\/www.prishtinabike.com\/sq\/#breadcrumb\"},\"inLanguage\":\"sq-AL\",\"potentialAction\":[{\"@type\":\"ReadAction\",\"target\":[\"https:\/\/www.prishtinabike.com\/sq\/\"]}]},{\"@type\":\"BreadcrumbList\",\"@id\":\"https:\/\/www.prishtinabike.com\/sq\/#breadcrumb\",\"itemListElement\":[{\"@type\":\"ListItem\",\"position\":1,\"name\":\"Startseite\",\"item\":\"https:\/\/www.prishtinabike.com\/sq\/\"},{\"@type\":\"ListItem\",\"position\":2,\"name\":\"Startseite\"}]},{\"@type\":\"WebSite\",\"@id\":\"https:\/\/www.prishtinabike.com\/sq\/#website\",\"url\":\"https:\/\/www.prishtinabike.com\/sq\/\",\"name\":\"Prishtina bike\",\"description\":\"Bike Sharing by nextbike\",\"potentialAction\":[{\"@type\":\"SearchAction\",\"target\":{\"@type\":\"EntryPoint\",\"urlTemplate\":\"https:\/\/www.prishtinabike.com\/sq\/?s={search_term_string}\"},\"query-input\":{\"@type\":\"PropertyValueSpecification\",\"valueRequired\":true,\"valueName\":\"search_term_string\"}}],\"inLanguage\":\"sq-AL\"}]}<\/script>\n<!-- \/ Yoast SEO plugin. -->","yoast_head_json":{"title":"Official Bike Sharing Prishtina - Rent a Bike","description":"Easy Bike Sharing pa marr\u00eb parasysh n\u00ebse vet\u00ebm p\u00ebr 30 minuta apo nj\u00eb dit\u00eb t\u00eb t\u00ebr\u00eb. Bi\u00e7ikleta tjet\u00ebr \u00ebsht\u00eb af\u00ebr qoshes. Nuk jeni ende an\u00ebtar? Regjistrohu tani!","robots":{"index":"index","follow":"follow","max-snippet":"max-snippet:-1","max-image-preview":"max-image-preview:large","max-video-preview":"max-video-preview:-1"},"canonical":"https:\/\/www.prishtinabike.com\/sq\/","og_locale":"sq_AL","og_type":"article","og_title":"Official Bike Sharing Prishtina - Rent a Bike","og_description":"Easy Bike Sharing pa marr\u00eb parasysh n\u00ebse vet\u00ebm p\u00ebr 30 minuta apo nj\u00eb dit\u00eb t\u00eb t\u00ebr\u00eb. Bi\u00e7ikleta tjet\u00ebr \u00ebsht\u00eb af\u00ebr qoshes. Nuk jeni ende an\u00ebtar? Regjistrohu tani!","og_url":"https:\/\/www.prishtinabike.com\/sq\/","og_site_name":"Prishtina bike","article_modified_time":"2024-07-18T13:08:31+00:00","twitter_card":"summary_large_image","twitter_misc":{"Est. reading time":"1 minute"},"schema":{"@context":"https:\/\/schema.org","@graph":[{"@type":"WebPage","@id":"https:\/\/www.prishtinabike.com\/sq\/","url":"https:\/\/www.prishtinabike.com\/sq\/","name":"Official Bike Sharing Prishtina - Rent a Bike","isPartOf":{"@id":"https:\/\/www.prishtinabike.com\/sq\/#website"},"datePublished":"2022-08-11T10:13:00+00:00","dateModified":"2024-07-18T13:08:31+00:00","description":"Easy Bike Sharing pa marr\u00eb parasysh n\u00ebse vet\u00ebm p\u00ebr 30 minuta apo nj\u00eb dit\u00eb t\u00eb t\u00ebr\u00eb. Bi\u00e7ikleta tjet\u00ebr \u00ebsht\u00eb af\u00ebr qoshes. Nuk jeni ende an\u00ebtar? Regjistrohu tani!","breadcrumb":{"@id":"https:\/\/www.prishtinabike.com\/sq\/#breadcrumb"},"inLanguage":"sq-AL","potentialAction":[{"@type":"ReadAction","target":["https:\/\/www.prishtinabike.com\/sq\/"]}]},{"@type":"BreadcrumbList","@id":"https:\/\/www.prishtinabike.com\/sq\/#breadcrumb","itemListElement":[{"@type":"ListItem","position":1,"name":"Startseite","item":"https:\/\/www.prishtinabike.com\/sq\/"},{"@type":"ListItem","position":2,"name":"Startseite"}]},{"@type":"WebSite","@id":"https:\/\/www.prishtinabike.com\/sq\/#website","url":"https:\/\/www.prishtinabike.com\/sq\/","name":"Prishtina bike","description":"Bike Sharing by nextbike","potentialAction":[{"@type":"SearchAction","target":{"@type":"EntryPoint","urlTemplate":"https:\/\/www.prishtinabike.com\/sq\/?s={search_term_string}"},"query-input":{"@type":"PropertyValueSpecification","valueRequired":true,"valueName":"search_term_string"}}],"inLanguage":"sq-AL"}]}},"_links":{"self":[{"href":"https:\/\/www.prishtinabike.com\/sq\/wp-json\/wp\/v2\/pages\/130","targetHints":{"allow":["GET"]}}],"collection":[{"href":"https:\/\/www.prishtinabike.com\/sq\/wp-json\/wp\/v2\/pages"}],"about":[{"href":"https:\/\/www.prishtinabike.com\/sq\/wp-json\/wp\/v2\/types\/page"}],"author":[{"embeddable":true,"href":"https:\/\/www.prishtinabike.com\/sq\/wp-json\/wp\/v2\/users\/5"}],"replies":[{"embeddable":true,"href":"https:\/\/www.prishtinabike.com\/sq\/wp-json\/wp\/v2\/comments?post=130"}],"version-history":[{"count":3,"href":"https:\/\/www.prishtinabike.com\/sq\/wp-json\/wp\/v2\/pages\/130\/revisions"}],"predecessor-version":[{"id":163,"href":"https:\/\/www.prishtinabike.com\/sq\/wp-json\/wp\/v2\/pages\/130\/revisions\/163"}],"wp:attachment":[{"href":"https:\/\/www.prishtinabike.com\/sq\/wp-json\/wp\/v2\/media?parent=130"}],"curies":[{"name":"wp","href":"https:\/\/api.w.org\/{rel}","templated":true}]}}