{"id":125,"date":"2022-08-11T12:14:05","date_gmt":"2022-08-11T10:14:05","guid":{"rendered":"https:\/\/nextbike-live.pluspol-networks.de\/prishtinabike\/datenschutz\/"},"modified":"2024-07-22T14:05:43","modified_gmt":"2024-07-22T12:05:43","slug":"politika-privatnosti-podataka","status":"publish","type":"page","link":"https:\/\/www.prishtinabike.com\/sr\/politika-privatnosti-podataka\/","title":{"rendered":"politika privatnosti podataka"},"content":{"rendered":"<div class=\"wpb-content-wrapper\"><p>[vc_row][vc_column][vc_column_text]<div class=\"ppi_privacy ppi_content\"><h1>Politika privatnosti podataka<\/h1>\n<p><strong>Ime i adresa odgovornog lica<\/strong><\/p>\n<p>Odgovorno lice u smislu Osnovne uredbe o za\u0161titi podataka i drugih nacionalnih zakona o za\u0161titi podataka dr\u017eava \u010dlanica kao i drugih odredbi o za\u0161titi podataka je:<\/p>\n<p>Prishtina Bike<br \/>\nRr. Luan Haradinaj, objekti i ish ASK<br \/>\n10000 Prishtine, Kosovo<br \/>\n<a href=\"mailto:info@prishtinaparking.net\">info@prishtinaparking.net<\/a><\/p>\n<p>Za\u0161titu va\u0161ih li\u010dnih podataka shvatamo veoma ozbiljno i tretiramo va\u0161e li\u010dne podatke poverljivo iu skladu sa zakonskim propisima o za\u0161titi podataka i ovom politikom privatnosti.<\/p>\n<p>Kori\u0161c\u0301enje na\u0161ih veb stranica je moguc\u0301e bez davanja li\u010dnih podataka. Ukoliko se na na\u0161im stranicama prikupljaju li\u010dni podaci (na primer ime, adresa ili adresa e-po\u0161te), to se uvek radi, koliko je to moguc\u0301e, na dobrovoljnoj bazi. Ovi podaci nec\u0301e biti prosle\u0111eni trec\u0301im licima bez va\u0161eg izri\u010ditog pristanka.<\/p>\n<p>Isti\u010demo da prenos podataka preko Interneta (npr. komunikacija putem e-po\u0161te) mo\u017ee biti predmet sigurnosnih propusta. Potpuna za\u0161tita podataka od pristupa trec\u0301ih lica nije moguc\u0301a. S tim u vezi, sledec\u0301i propisi vas obave\u0161tavaju o vrsti, obimu i svrsi prikupljanja, kori\u0161c\u0301enja i obrade li\u010dnih podataka od strane provajdera.<\/p>\n<p><a class=\"borlabs-cookie-preference\" href=\"#\">Napravite individualna pode\u0161avanja za\u0161tite podataka.<\/a><\/p>\n<h4 class=\"ppi_download_headline\">preuzimanje<\/h4><div class=\"ppi_download_row ppi_row\"><div class=\"ppi_download_col ppi_col-md-6\"><p class=\"ppi_download_desc\">Politika privatnosti Kori\u0161c\u0301enje veb stranice<\/p><a aria-label=\"\n\" href=\"https:\/\/www.prishtinabike.com\/wp-content\/uploads\/sites\/94\/2024\/09\/2024-07-09_Privacy_Notice_Website_nextbike_Kosovo_comipled_ALB_SRB_ENG-1.pdf\" target=\"_blank\" class=\"ppi_download_link\"><strong>Preuzimanje<\/strong><\/a><\/div><div class=\"ppi_download_col ppi_col-md-6\"><p class=\"ppi_download_desc\">Kori\u0161c\u0301enje aplikacije Politika privatnosti<\/p><a aria-label=\"Otvori u novoj kartici\" href=\"https:\/\/www.prishtinabike.com\/wp-content\/uploads\/sites\/94\/2024\/09\/2024-07-09_Privacy-Notice-APP_nextbike_KOSOVO_compiled_ALB_SRB_ENG.pdf\" target=\"_blank\" class=\"ppi_download_link\"><strong>Preuzimanje<\/strong><\/a><\/div><\/div><h4 class=\"ppi_download_headline\"><\/h4><div class=\"ppi_download_row ppi_row\"><div class=\"ppi_download_col ppi_col-md-6\"><p class=\"ppi_download_desc\"><\/p><a aria-label=\"Otvori u novoj kartici\" href=\"\" target=\"_blank\" class=\"ppi_download_link\"><strong>Preuzimanje<\/strong><\/a><\/div><div class=\"ppi_download_col ppi_col-md-6\"><p class=\"ppi_download_desc\"><\/p><a aria-label=\"Otvori u novoj kartici\" href=\"\" target=\"_blank\" class=\"ppi_download_link\"><strong>Preuzimanje<\/strong><\/a><\/div><\/div><\/div>[\/vc_column_text][\/vc_column][\/vc_row]<\/p>\n<\/div>","protected":false},"excerpt":{"rendered":"<p>[vc_row][vc_column][vc_column_text][\/vc_column_text][\/vc_column][\/vc_row]<\/p>\n","protected":false},"author":5,"featured_media":0,"parent":0,"menu_order":0,"comment_status":"closed","ping_status":"closed","template":"page-bubble.php","meta":{"_acf_changed":false,"inline_featured_image":false,"footnotes":""},"class_list":["post-125","page","type-page","status-publish","hentry"],"acf":[],"yoast_head":"<!-- This site is optimized with the Yoast SEO plugin v27.2 - https:\/\/yoast.com\/product\/yoast-seo-wordpress\/ -->\n<title>politika privatnosti podataka - Prishtina bike<\/title>\n<meta name=\"robots\" content=\"index, follow, max-snippet:-1, max-image-preview:large, max-video-preview:-1\" \/>\n<link rel=\"canonical\" href=\"https:\/\/www.prishtinabike.com\/sr\/politika-privatnosti-podataka\/\" \/>\n<meta property=\"og:locale\" content=\"sr_RS\" \/>\n<meta property=\"og:type\" content=\"article\" \/>\n<meta property=\"og:title\" content=\"politika privatnosti podataka - Prishtina bike\" \/>\n<meta property=\"og:description\" content=\"[vc_row][vc_column][vc_column_text][\/vc_column_text][\/vc_column][\/vc_row]\" \/>\n<meta property=\"og:url\" content=\"https:\/\/www.prishtinabike.com\/sr\/politika-privatnosti-podataka\/\" \/>\n<meta property=\"og:site_name\" content=\"Prishtina bike\" \/>\n<meta property=\"article:modified_time\" content=\"2024-07-22T12:05:43+00:00\" \/>\n<meta name=\"twitter:card\" content=\"summary_large_image\" \/>\n<script type=\"application\/ld+json\" class=\"yoast-schema-graph\">{\"@context\":\"https:\/\/schema.org\",\"@graph\":[{\"@type\":\"WebPage\",\"@id\":\"https:\/\/www.prishtinabike.com\/sr\/politika-privatnosti-podataka\/\",\"url\":\"https:\/\/www.prishtinabike.com\/sr\/politika-privatnosti-podataka\/\",\"name\":\"politika privatnosti podataka - Prishtina bike\",\"isPartOf\":{\"@id\":\"https:\/\/www.prishtinabike.com\/sr\/#website\"},\"datePublished\":\"2022-08-11T10:14:05+00:00\",\"dateModified\":\"2024-07-22T12:05:43+00:00\",\"breadcrumb\":{\"@id\":\"https:\/\/www.prishtinabike.com\/sr\/politika-privatnosti-podataka\/#breadcrumb\"},\"inLanguage\":\"sr-RS\",\"potentialAction\":[{\"@type\":\"ReadAction\",\"target\":[\"https:\/\/www.prishtinabike.com\/sr\/politika-privatnosti-podataka\/\"]}]},{\"@type\":\"BreadcrumbList\",\"@id\":\"https:\/\/www.prishtinabike.com\/sr\/politika-privatnosti-podataka\/#breadcrumb\",\"itemListElement\":[{\"@type\":\"ListItem\",\"position\":1,\"name\":\"Startseite\",\"item\":\"https:\/\/www.prishtinabike.com\/sr\/startseite\/\"},{\"@type\":\"ListItem\",\"position\":2,\"name\":\"politika privatnosti podataka\"}]},{\"@type\":\"WebSite\",\"@id\":\"https:\/\/www.prishtinabike.com\/sr\/#website\",\"url\":\"https:\/\/www.prishtinabike.com\/sr\/\",\"name\":\"Prishtina bike\",\"description\":\"Bike Sharing by nextbike\",\"potentialAction\":[{\"@type\":\"SearchAction\",\"target\":{\"@type\":\"EntryPoint\",\"urlTemplate\":\"https:\/\/www.prishtinabike.com\/sr\/?s={search_term_string}\"},\"query-input\":{\"@type\":\"PropertyValueSpecification\",\"valueRequired\":true,\"valueName\":\"search_term_string\"}}],\"inLanguage\":\"sr-RS\"}]}<\/script>\n<!-- \/ Yoast SEO plugin. -->","yoast_head_json":{"title":"politika privatnosti podataka - Prishtina bike","robots":{"index":"index","follow":"follow","max-snippet":"max-snippet:-1","max-image-preview":"max-image-preview:large","max-video-preview":"max-video-preview:-1"},"canonical":"https:\/\/www.prishtinabike.com\/sr\/politika-privatnosti-podataka\/","og_locale":"sr_RS","og_type":"article","og_title":"politika privatnosti podataka - Prishtina bike","og_description":"[vc_row][vc_column][vc_column_text][\/vc_column_text][\/vc_column][\/vc_row]","og_url":"https:\/\/www.prishtinabike.com\/sr\/politika-privatnosti-podataka\/","og_site_name":"Prishtina bike","article_modified_time":"2024-07-22T12:05:43+00:00","twitter_card":"summary_large_image","schema":{"@context":"https:\/\/schema.org","@graph":[{"@type":"WebPage","@id":"https:\/\/www.prishtinabike.com\/sr\/politika-privatnosti-podataka\/","url":"https:\/\/www.prishtinabike.com\/sr\/politika-privatnosti-podataka\/","name":"politika privatnosti podataka - Prishtina bike","isPartOf":{"@id":"https:\/\/www.prishtinabike.com\/sr\/#website"},"datePublished":"2022-08-11T10:14:05+00:00","dateModified":"2024-07-22T12:05:43+00:00","breadcrumb":{"@id":"https:\/\/www.prishtinabike.com\/sr\/politika-privatnosti-podataka\/#breadcrumb"},"inLanguage":"sr-RS","potentialAction":[{"@type":"ReadAction","target":["https:\/\/www.prishtinabike.com\/sr\/politika-privatnosti-podataka\/"]}]},{"@type":"BreadcrumbList","@id":"https:\/\/www.prishtinabike.com\/sr\/politika-privatnosti-podataka\/#breadcrumb","itemListElement":[{"@type":"ListItem","position":1,"name":"Startseite","item":"https:\/\/www.prishtinabike.com\/sr\/startseite\/"},{"@type":"ListItem","position":2,"name":"politika privatnosti podataka"}]},{"@type":"WebSite","@id":"https:\/\/www.prishtinabike.com\/sr\/#website","url":"https:\/\/www.prishtinabike.com\/sr\/","name":"Prishtina bike","description":"Bike Sharing by nextbike","potentialAction":[{"@type":"SearchAction","target":{"@type":"EntryPoint","urlTemplate":"https:\/\/www.prishtinabike.com\/sr\/?s={search_term_string}"},"query-input":{"@type":"PropertyValueSpecification","valueRequired":true,"valueName":"search_term_string"}}],"inLanguage":"sr-RS"}]}},"_links":{"self":[{"href":"https:\/\/www.prishtinabike.com\/sr\/wp-json\/wp\/v2\/pages\/125","targetHints":{"allow":["GET"]}}],"collection":[{"href":"https:\/\/www.prishtinabike.com\/sr\/wp-json\/wp\/v2\/pages"}],"about":[{"href":"https:\/\/www.prishtinabike.com\/sr\/wp-json\/wp\/v2\/types\/page"}],"author":[{"embeddable":true,"href":"https:\/\/www.prishtinabike.com\/sr\/wp-json\/wp\/v2\/users\/5"}],"replies":[{"embeddable":true,"href":"https:\/\/www.prishtinabike.com\/sr\/wp-json\/wp\/v2\/comments?post=125"}],"version-history":[{"count":1,"href":"https:\/\/www.prishtinabike.com\/sr\/wp-json\/wp\/v2\/pages\/125\/revisions"}],"predecessor-version":[{"id":177,"href":"https:\/\/www.prishtinabike.com\/sr\/wp-json\/wp\/v2\/pages\/125\/revisions\/177"}],"wp:attachment":[{"href":"https:\/\/www.prishtinabike.com\/sr\/wp-json\/wp\/v2\/media?parent=125"}],"curies":[{"name":"wp","href":"https:\/\/api.w.org\/{rel}","templated":true}]}}