{"id":131,"date":"2022-08-11T12:13:00","date_gmt":"2022-08-11T10:13:00","guid":{"rendered":"https:\/\/nextbike-live.pluspol-networks.de\/prishtinabike\/startseite\/"},"modified":"2024-07-22T12:24:20","modified_gmt":"2024-07-22T10:24:20","slug":"startseite","status":"publish","type":"page","link":"https:\/\/www.prishtinabike.com\/sr\/","title":{"rendered":"Startseite"},"content":{"rendered":"<div class=\"wpb-content-wrapper\"><p>[vc_row ppi_row_padding=&#8220;ppi_remove_padding_top,ppi_remove_padding_bottom&#8220; full_width=&#8220;stretch_row_content_no_spaces&#8220; el_class=&#8220;stage-row&#8220;][vc_column]<div class=\"nextbike stage\">\n                    <div class=\"stage__wrapper\">\n                        <div class=\"container\">\n                            <div class=\"stage__content\"><span class=\"h3\">Deljenje bicikala u preko 300 gradova \u0161irom sveta<\/span><h1>Preuzmite aplikaciju i uklju\u010dite se u nextbike<\/h1><div class=\"stage__content__stores\"><a class=\"nb-appstore-btn\" aria-label=\"Apple App Store\" href=\"https:\/\/apps.apple.com\/de\/app\/nextbike\/id504288371\" target=\"_blank\" data-custom-link=\"false\"><img decoding=\"async\" width=\"200px\" height=\"59px\" alt=\"Apple App Store\" src=\"https:\/\/www.prishtinabike.com\/wp-content\/uploads\/2022\/07\/apple-logo.svg\" \/><\/a><a class=\"nb-appstore-btn\" aria-label=\"Google App Store\" href=\"https:\/\/play.google.com\/store\/apps\/details?id=de.nextbike\" target=\"_blank\" data-custom-link=\"false\"><img decoding=\"async\" width=\"200px\" height=\"59px\" alt=\"Google App Store\" src=\"https:\/\/www.prishtinabike.com\/wp-content\/uploads\/2022\/07\/google-logo.svg\" \/><\/a><a class=\"nb-appstore-btn\" aria-label=\"Huawei App Store\" href=\"https:\/\/appgallery.huawei.com\/#\/app\/C102537239\" target=\"_blank\" data-custom-link=\"false\"><img decoding=\"async\" width=\"200px\" height=\"59px\" alt=\"Huawei App Store\" src=\"https:\/\/www.prishtinabike.com\/wp-content\/uploads\/2022\/07\/huawei-logo.svg\" \/><\/a><\/div>\n                            <\/div>\n                        <\/div><div role=\"img\" aria-label=\"Missing alt text\" class=\"stage__parallax parallax-speed5 show-for-md\" style=\"background-image: url(https:\/\/www.prishtinabike.com\/wp-content\/uploads\/2024\/04\/sun_background_optimized-1.svg)\"><\/div>\n                   <div role=\"img\" aria-label=\"Missing alt text\" class=\"stage__parallax parallax-speed4 show-for-md\" style=\"background-image: url(https:\/\/www.prishtinabike.com\/wp-content\/uploads\/2023\/03\/City_background.svg)\"><\/div>\n                   <div role=\"img\" aria-label=\"Missing alt text\" class=\"stage__parallax parallax-speed3 show-for-md\" style=\"background-image: url(https:\/\/www.prishtinabike.com\/wp-content\/uploads\/2024\/04\/header_LAYER-3-1.svg)\"><\/div>\n                   <div role=\"img\" aria-label=\"Missing alt text\" class=\"stage__parallax parallax-speed2 show-for-md\" style=\"background-image: url(https:\/\/www.prishtinabike.com\/wp-content\/uploads\/2024\/04\/header_LAYER-2.svg)\"><\/div>\n                   <div role=\"img\" aria-label=\"Missing alt text\" class=\"stage__parallax parallax-speed1 show-for-md\" style=\"background-image: url(https:\/\/www.prishtinabike.com\/wp-content\/uploads\/2024\/04\/header_LAYER-1.svg)\"><\/div><img decoding=\"async\" class=\"stage__mobile hide-for-md\" src=\"https:\/\/www.prishtinabike.com\/wp-content\/uploads\/2024\/04\/Mobile_header_static.svg\" alt=\"Missing alt text\" \/><\/div>\n                <\/div>[\/vc_column][\/vc_row][vc_row ppi_row_padding=&#8220;ppi_remove_padding_top&#8220;][vc_column]<div class=\"nextbike mockups\"><div class=\"mockups__item\">\n    <div class=\"mockups__item__container\">\n                <div class=\"mockups__item__image mockups__item__image__left\">\n                        <div class=\"mockups__item__image__img\">\n                <img loading=\"lazy\" decoding=\"async\" width=\"549\" height=\"858\" src=\"https:\/\/www.prishtinabike.com\/wp-content\/uploads\/2025\/04\/Phone-Mockup-Map-Active-Ride.png\" class=\"attachment-nex-sm size-nex-sm\" alt=\"nextbike App Screenshot zeigt die Leihrad-Stationskarte von nextbike \/ Verleihsystem-\u00dcbersichtskarte von Deutschland.\" srcset=\"https:\/\/www.prishtinabike.com\/wp-content\/uploads\/2025\/04\/Phone-Mockup-Map-Active-Ride.png 549w, https:\/\/www.prishtinabike.com\/wp-content\/uploads\/2025\/04\/Phone-Mockup-Map-Active-Ride-192x300.png 192w, https:\/\/www.prishtinabike.com\/wp-content\/uploads\/2025\/04\/Phone-Mockup-Map-Active-Ride-480x750.png 480w, https:\/\/www.prishtinabike.com\/wp-content\/uploads\/2025\/04\/Phone-Mockup-Map-Active-Ride-90x140.png 90w, https:\/\/www.prishtinabike.com\/wp-content\/uploads\/2025\/04\/Phone-Mockup-Map-Active-Ride-64x100.png 64w\" sizes=\"auto, (max-width: 549px) 100vw, 549px\" \/>            <\/div>\n                                                            <div class=\"mockups__item__image__bg parallax\">\n                        <img loading=\"lazy\" decoding=\"async\" width=\"550\" height=\"800\" src=\"https:\/\/www.prishtinabike.com\/wp-content\/uploads\/2024\/04\/bubble-MAP.svg\" class=\"attachment-nex-md size-nex-md\" alt=\"\" \/>                    <\/div>\n                                    <\/div>\n                        <div class=\"mockups__item__content mockups__item__content__left\">\n                        <h2 class=\"h3 mockups__item__headline\">\n                Pri\u0161tina bike            <\/h2>\n                                    <p class=\"mockups__item__text\">\n                Iznajmite bicikl i putujte brzo i odr\u017eivo kroz Pri\u0161tina.            <\/p>\n                                    <a href=\"#prednosti\" target=\"_self\" title=\"Prednosti\" class=\"mockups__item__link\" >\n                Prednosti            <\/a>\n                    <\/div>\n            <\/div>\n<\/div>\n<div class=\"mockups__item\">\n    <div class=\"mockups__item__container\">\n                <div class=\"mockups__item__image mockups__item__image__right\">\n                        <div class=\"mockups__item__image__img\">\n                <img loading=\"lazy\" decoding=\"async\" width=\"633\" height=\"827\" src=\"https:\/\/www.prishtinabike.com\/wp-content\/uploads\/2025\/04\/Phone-Mockup-QR-Code-Scanner.png\" class=\"attachment-nex-sm size-nex-sm\" alt=\"\" srcset=\"https:\/\/www.prishtinabike.com\/wp-content\/uploads\/2025\/04\/Phone-Mockup-QR-Code-Scanner.png 633w, https:\/\/www.prishtinabike.com\/wp-content\/uploads\/2025\/04\/Phone-Mockup-QR-Code-Scanner-230x300.png 230w, https:\/\/www.prishtinabike.com\/wp-content\/uploads\/2025\/04\/Phone-Mockup-QR-Code-Scanner-480x627.png 480w, https:\/\/www.prishtinabike.com\/wp-content\/uploads\/2025\/04\/Phone-Mockup-QR-Code-Scanner-107x140.png 107w, https:\/\/www.prishtinabike.com\/wp-content\/uploads\/2025\/04\/Phone-Mockup-QR-Code-Scanner-77x100.png 77w\" sizes=\"auto, (max-width: 633px) 100vw, 633px\" \/>            <\/div>\n                                                            <div class=\"mockups__item__image__bg parallax\">\n                        <img loading=\"lazy\" decoding=\"async\" width=\"550\" height=\"800\" src=\"https:\/\/www.prishtinabike.com\/wp-content\/uploads\/2024\/04\/bubble-SCAN.svg\" class=\"attachment-nex-md size-nex-md\" alt=\"\" \/>                    <\/div>\n                                    <\/div>\n                        <div class=\"mockups__item__content mockups__item__content__right\">\n                        <h2 class=\"h3 mockups__item__headline\">\n                Iznajmite i vratite            <\/h2>\n                                    <p class=\"mockups__item__text\">\n                Jednostavan je za upotrebu i brzo vas vodi tamo.            <\/p>\n                                    <a href=\"#kako-to-radi\" target=\"_self\" title=\"Kako to radi\" class=\"mockups__item__link\" >\n                Kako to radi            <\/a>\n                    <\/div>\n            <\/div>\n<\/div>\n<div class=\"mockups__item\">\n    <div class=\"mockups__item__container\">\n                <div class=\"mockups__item__image mockups__item__image__left\">\n                        <div class=\"mockups__item__image__img\">\n                <img loading=\"lazy\" decoding=\"async\" width=\"499\" height=\"762\" src=\"https:\/\/www.prishtinabike.com\/wp-content\/uploads\/2025\/04\/Phone-Mockup-Ride-Complete.png\" class=\"attachment-nex-sm size-nex-sm\" alt=\"nextbike App Screenshot zeigt Informationen (Ausleihdauer, Preis, Startpunkt, Endpunkt) einer beendeten Rad-Leihe.\" srcset=\"https:\/\/www.prishtinabike.com\/wp-content\/uploads\/2025\/04\/Phone-Mockup-Ride-Complete.png 499w, https:\/\/www.prishtinabike.com\/wp-content\/uploads\/2025\/04\/Phone-Mockup-Ride-Complete-196x300.png 196w, https:\/\/www.prishtinabike.com\/wp-content\/uploads\/2025\/04\/Phone-Mockup-Ride-Complete-480x733.png 480w, https:\/\/www.prishtinabike.com\/wp-content\/uploads\/2025\/04\/Phone-Mockup-Ride-Complete-92x140.png 92w, https:\/\/www.prishtinabike.com\/wp-content\/uploads\/2025\/04\/Phone-Mockup-Ride-Complete-65x100.png 65w\" sizes=\"auto, (max-width: 499px) 100vw, 499px\" \/>            <\/div>\n                                                            <div class=\"mockups__item__image__bg parallax\">\n                        <img loading=\"lazy\" decoding=\"async\" width=\"550\" height=\"800\" src=\"https:\/\/www.prishtinabike.com\/wp-content\/uploads\/2024\/04\/bubble-APP.svg\" class=\"attachment-nex-md size-nex-md\" alt=\"\" \/>                    <\/div>\n                                    <\/div>\n                        <div class=\"mockups__item__content mockups__item__content__left\">\n                        <h2 class=\"h3 mockups__item__headline\">\n                Pristupa\u010dno i odr\u017eivo            <\/h2>\n                                    <p class=\"mockups__item__text\">\n                Zakotrljajte se \u2013 i u\u017eivajte u tihoj vo\u017enji sa nultom emisijom. Prvih 30 minuta po najmu je besplatno.            <\/p>\n                                    <a href=\"#tarife\" target=\"_self\" title=\"Na\u0161e tarife\" class=\"mockups__item__link\" >\n                Na\u0161e tarife            <\/a>\n                    <\/div>\n            <\/div>\n<\/div>\n<\/div>[\/vc_column][\/vc_row][vc_row ppi_row_type=&#8220;ppi_bg_grey&#8220; full_width=&#8220;stretch_row&#8220; el_id=&#8220;kako-to-radi&#8220;][vc_column]<div class=\"nextbike how-its-done\">\n    <h2>Kako to radi<\/h2>\n\n\n\n<div class=\"how-its-done__container\">\n                        <div class=\"how-its-done__ctab how-its-done__ctab__tab1 how-its-done__ctab__current\" data-ctab=\"tab1\">\n                <div class=\"how-its-done__image\">\n                    <img loading=\"lazy\" decoding=\"async\" width=\"400\" height=\"400\" src=\"https:\/\/www.prishtinabike.com\/wp-content\/uploads\/2024\/04\/Framelock.svg\" class=\"attachment-nex-md size-nex-md\" alt=\"Grafische Darstellung: Rad-Leihe wird \u00fcber nextbike App gestartet, wodurch das Rahmenschloss am Rad aufspringt.\" \/>                <\/div>\n                <div class=\"how-its-done__content\">\n                                            <h3 class=\"h5\">Registracija<\/h3>\n                                                                <p>Registracija je besplatna. Da biste verifikovali svoj nalog, potreban je depozit od 5 \u20ac i to c\u0301e postati kredit za iznajmljivanje koji c\u0301ete kasnije koristiti.<\/p>\n                                                                <h3 class=\"h5\">Iznajmljivanje<\/h3>\n                                                                <p>Jednostavno skenirajte KR kod na biciklu pomoc\u0301u aplikacije nextbike i FrameLock c\u0301e se automatski otvoriti.<\/p>\n                                                                <h3 class=\"h5\">Parking Mode<\/h3>\n                                                                <p>Da li \u017eelite da parkirate svoj bicikl tokom iznajmljivanja? Prvo aktivirajte re\u017eim parkiranja u aplikaciji, a zatim pritisnite ru\u010dicu FrameLock nadole da biste zaklju\u010dali bicikl. Iznajmljivanje se nastavlja. Ponovo otvorite bravu pomoc\u0301u aplikacije.<\/p>\n                                                                <h3 class=\"h5\">Povratak<\/h3>\n                                                                <p>Vratite svoj bicikl blizu zvani\u010dne stanice i zatvorite Framelock. Iznajmljivanje c\u0301e biti automatski zaustavljeno.<\/p>\n                                    <\/div>\n            <\/div>\n                                                            <\/div>\n<\/div>[\/vc_column][\/vc_row][vc_row el_id=&#8220;tarife&#8220;][vc_column]<div class=\"nextbike tariffs\"><h2>Tarifat tona<\/h2><div class=\"tariffs__text\"><p><\/p><\/div><div class=\"tariffs__tabs tariffs__tabs__hidden\"><a role=\"button\" href=\"#\" class=\"tariffs__tab tariffs__tab__current\" data-tab=\"Basic rates\">Basic rates<\/a><\/div><div class=\"tariffs__contents\"><div class=\"tariffs__content  tariffs__content__current\" data-content=\"Basic rates\"><div class=\"tariffs__content__card\">\n    <span class=\"h5\" role=\"heading\">Pri\u0161tina bike<\/span>\n    <h3 class=\"h2\">osnovna tarifa<\/h3>\n    <h4 class=\"h3\">0 \u20ac\/30 min<\/h4>\n    <p><p>Prvih 30 minuta po najmu je besplatno. Svakih dodatnih 60 minuta ko\u0161ta 0,50 \u20ac.<\/p>\n<\/p>\n<\/div>\n<\/div><\/div><\/div>[\/vc_column][\/vc_row][vc_row full_width=&#8220;stretch_row_content_no_spaces&#8220;][vc_column][\/vc_column][\/vc_row][vc_row ppi_row_padding=&#8220;ppi_remove_padding_bottom&#8220; full_width=&#8220;stretch_row_content_no_spaces&#8220; el_id=&#8220;prednosti&#8220;][vc_column]<div class=\"nextbike slider\">\n            <div class=\"slider__black\">\n            <h2 class=\"h1\">Otkrijte Pri\u0161tinu biciklom<\/h2>\n        <\/div>\n        <div class=\"full-width-slider\">\n                        <div class=\"slider__slide center\">\n                    <img loading=\"lazy\" decoding=\"async\" width=\"1920\" height=\"1280\" src=\"https:\/\/www.prishtinabike.com\/wp-content\/uploads\/sites\/94\/2024\/07\/Smartbike_2.0_janine_girl_hug.jpg\" class=\"attachment-nex-max size-nex-max wp-post-image\" alt=\"\" srcset=\"https:\/\/www.prishtinabike.com\/wp-content\/uploads\/sites\/94\/2024\/07\/Smartbike_2.0_janine_girl_hug.jpg 1920w, https:\/\/www.prishtinabike.com\/wp-content\/uploads\/sites\/94\/2024\/07\/Smartbike_2.0_janine_girl_hug-300x200.jpg 300w, https:\/\/www.prishtinabike.com\/wp-content\/uploads\/sites\/94\/2024\/07\/Smartbike_2.0_janine_girl_hug-1024x683.jpg 1024w, https:\/\/www.prishtinabike.com\/wp-content\/uploads\/sites\/94\/2024\/07\/Smartbike_2.0_janine_girl_hug-768x512.jpg 768w, https:\/\/www.prishtinabike.com\/wp-content\/uploads\/sites\/94\/2024\/07\/Smartbike_2.0_janine_girl_hug-1200x800.jpg 1200w, https:\/\/www.prishtinabike.com\/wp-content\/uploads\/sites\/94\/2024\/07\/Smartbike_2.0_janine_girl_hug-992x661.jpg 992w, https:\/\/www.prishtinabike.com\/wp-content\/uploads\/sites\/94\/2024\/07\/Smartbike_2.0_janine_girl_hug-480x320.jpg 480w, https:\/\/www.prishtinabike.com\/wp-content\/uploads\/sites\/94\/2024\/07\/Smartbike_2.0_janine_girl_hug-210x140.jpg 210w, https:\/\/www.prishtinabike.com\/wp-content\/uploads\/sites\/94\/2024\/07\/Smartbike_2.0_janine_girl_hug-150x100.jpg 150w\" sizes=\"auto, (max-width: 1920px) 100vw, 1920px\" \/>                                        <div class=\"slider__slide__inner container\">\n                        <h3 class=\"h2\">Bicikli za sve<\/h3>                        <h4 class=\"h3\">Prvih 30 minuta po najmu je besplatno.<\/h4>                                            <\/div>\n                <\/div>\n                <\/div>\n<\/div>\n[\/vc_column][\/vc_row]<\/p>\n<\/div>","protected":false},"excerpt":{"rendered":"<p>[vc_row ppi_row_padding=&#8220;ppi_remove_padding_top,ppi_remove_padding_bottom&#8220; full_width=&#8220;stretch_row_content_no_spaces&#8220; el_class=&#8220;stage-row&#8220;][vc_column][\/vc_column][\/vc_row][vc_row ppi_row_padding=&#8220;ppi_remove_padding_top&#8220;][vc_column][\/vc_column][\/vc_row][vc_row ppi_row_type=&#8220;ppi_bg_grey&#8220; full_width=&#8220;stretch_row&#8220; el_id=&#8220;kako-to-radi&#8220;][vc_column][\/vc_column][\/vc_row][vc_row el_id=&#8220;tarife&#8220;][vc_column][\/vc_column][\/vc_row][vc_row full_width=&#8220;stretch_row_content_no_spaces&#8220;][vc_column][\/vc_column][\/vc_row][vc_row ppi_row_padding=&#8220;ppi_remove_padding_bottom&#8220; full_width=&#8220;stretch_row_content_no_spaces&#8220; el_id=&#8220;prednosti&#8220;][vc_column][\/vc_column][\/vc_row]<\/p>\n","protected":false},"author":5,"featured_media":0,"parent":0,"menu_order":0,"comment_status":"closed","ping_status":"closed","template":"","meta":{"_acf_changed":false,"inline_featured_image":false,"footnotes":""},"class_list":["post-131","page","type-page","status-publish","hentry"],"acf":[],"yoast_head":"<!-- This site is optimized with the Yoast SEO plugin v27.2 - https:\/\/yoast.com\/product\/yoast-seo-wordpress\/ -->\n<title>Startseite - Prishtina bike<\/title>\n<meta name=\"robots\" content=\"index, follow, max-snippet:-1, max-image-preview:large, max-video-preview:-1\" \/>\n<link rel=\"canonical\" href=\"https:\/\/www.prishtinabike.com\/sr\/\" \/>\n<meta property=\"og:locale\" content=\"sr_RS\" \/>\n<meta property=\"og:type\" content=\"article\" \/>\n<meta property=\"og:title\" content=\"Startseite - Prishtina bike\" \/>\n<meta property=\"og:description\" content=\"[vc_row ppi_row_padding=&#8220;ppi_remove_padding_top,ppi_remove_padding_bottom&#8220; full_width=&#8220;stretch_row_content_no_spaces&#8220; el_class=&#8220;stage-row&#8220;][vc_column][\/vc_column][\/vc_row][vc_row ppi_row_padding=&#8220;ppi_remove_padding_top&#8220;][vc_column][\/vc_column][\/vc_row][vc_row ppi_row_type=&#8220;ppi_bg_grey&#8220; full_width=&#8220;stretch_row&#8220; el_id=&#8220;kako-to-radi&#8220;][vc_column][\/vc_column][\/vc_row][vc_row el_id=&#8220;tarife&#8220;][vc_column][\/vc_column][\/vc_row][vc_row full_width=&#8220;stretch_row_content_no_spaces&#8220;][vc_column][\/vc_column][\/vc_row][vc_row ppi_row_padding=&#8220;ppi_remove_padding_bottom&#8220; full_width=&#8220;stretch_row_content_no_spaces&#8220; el_id=&#8220;prednosti&#8220;][vc_column][\/vc_column][\/vc_row]\" \/>\n<meta property=\"og:url\" content=\"https:\/\/www.prishtinabike.com\/sr\/\" \/>\n<meta property=\"og:site_name\" content=\"Prishtina bike\" \/>\n<meta property=\"article:modified_time\" content=\"2024-07-22T10:24:20+00:00\" \/>\n<meta name=\"twitter:card\" content=\"summary_large_image\" \/>\n<meta name=\"twitter:label1\" content=\"\u041f\u0440\u043e\u0446\u0435\u045a\u0435\u043d\u043e \u0432\u0440\u0435\u043c\u0435 \u0447\u0438\u0442\u0430\u045a\u0430\" \/>\n\t<meta name=\"twitter:data1\" content=\"1 \u043c\u0438\u043d\u0443\u0442\" \/>\n<script type=\"application\/ld+json\" class=\"yoast-schema-graph\">{\"@context\":\"https:\/\/schema.org\",\"@graph\":[{\"@type\":\"WebPage\",\"@id\":\"https:\/\/www.prishtinabike.com\/sr\/\",\"url\":\"https:\/\/www.prishtinabike.com\/sr\/\",\"name\":\"Startseite - Prishtina bike\",\"isPartOf\":{\"@id\":\"https:\/\/www.prishtinabike.com\/sr\/#website\"},\"datePublished\":\"2022-08-11T10:13:00+00:00\",\"dateModified\":\"2024-07-22T10:24:20+00:00\",\"breadcrumb\":{\"@id\":\"https:\/\/www.prishtinabike.com\/sr\/#breadcrumb\"},\"inLanguage\":\"sr-RS\",\"potentialAction\":[{\"@type\":\"ReadAction\",\"target\":[\"https:\/\/www.prishtinabike.com\/sr\/\"]}]},{\"@type\":\"BreadcrumbList\",\"@id\":\"https:\/\/www.prishtinabike.com\/sr\/#breadcrumb\",\"itemListElement\":[{\"@type\":\"ListItem\",\"position\":1,\"name\":\"Startseite\",\"item\":\"https:\/\/www.prishtinabike.com\/sr\/startseite\/\"},{\"@type\":\"ListItem\",\"position\":2,\"name\":\"Startseite\"}]},{\"@type\":\"WebSite\",\"@id\":\"https:\/\/www.prishtinabike.com\/sr\/#website\",\"url\":\"https:\/\/www.prishtinabike.com\/sr\/\",\"name\":\"Prishtina bike\",\"description\":\"Bike Sharing by nextbike\",\"potentialAction\":[{\"@type\":\"SearchAction\",\"target\":{\"@type\":\"EntryPoint\",\"urlTemplate\":\"https:\/\/www.prishtinabike.com\/sr\/?s={search_term_string}\"},\"query-input\":{\"@type\":\"PropertyValueSpecification\",\"valueRequired\":true,\"valueName\":\"search_term_string\"}}],\"inLanguage\":\"sr-RS\"}]}<\/script>\n<!-- \/ Yoast SEO plugin. -->","yoast_head_json":{"title":"Startseite - Prishtina bike","robots":{"index":"index","follow":"follow","max-snippet":"max-snippet:-1","max-image-preview":"max-image-preview:large","max-video-preview":"max-video-preview:-1"},"canonical":"https:\/\/www.prishtinabike.com\/sr\/","og_locale":"sr_RS","og_type":"article","og_title":"Startseite - Prishtina bike","og_description":"[vc_row ppi_row_padding=&#8220;ppi_remove_padding_top,ppi_remove_padding_bottom&#8220; full_width=&#8220;stretch_row_content_no_spaces&#8220; el_class=&#8220;stage-row&#8220;][vc_column][\/vc_column][\/vc_row][vc_row ppi_row_padding=&#8220;ppi_remove_padding_top&#8220;][vc_column][\/vc_column][\/vc_row][vc_row ppi_row_type=&#8220;ppi_bg_grey&#8220; full_width=&#8220;stretch_row&#8220; el_id=&#8220;kako-to-radi&#8220;][vc_column][\/vc_column][\/vc_row][vc_row el_id=&#8220;tarife&#8220;][vc_column][\/vc_column][\/vc_row][vc_row full_width=&#8220;stretch_row_content_no_spaces&#8220;][vc_column][\/vc_column][\/vc_row][vc_row ppi_row_padding=&#8220;ppi_remove_padding_bottom&#8220; full_width=&#8220;stretch_row_content_no_spaces&#8220; el_id=&#8220;prednosti&#8220;][vc_column][\/vc_column][\/vc_row]","og_url":"https:\/\/www.prishtinabike.com\/sr\/","og_site_name":"Prishtina bike","article_modified_time":"2024-07-22T10:24:20+00:00","twitter_card":"summary_large_image","twitter_misc":{"\u041f\u0440\u043e\u0446\u0435\u045a\u0435\u043d\u043e \u0432\u0440\u0435\u043c\u0435 \u0447\u0438\u0442\u0430\u045a\u0430":"1 \u043c\u0438\u043d\u0443\u0442"},"schema":{"@context":"https:\/\/schema.org","@graph":[{"@type":"WebPage","@id":"https:\/\/www.prishtinabike.com\/sr\/","url":"https:\/\/www.prishtinabike.com\/sr\/","name":"Startseite - Prishtina bike","isPartOf":{"@id":"https:\/\/www.prishtinabike.com\/sr\/#website"},"datePublished":"2022-08-11T10:13:00+00:00","dateModified":"2024-07-22T10:24:20+00:00","breadcrumb":{"@id":"https:\/\/www.prishtinabike.com\/sr\/#breadcrumb"},"inLanguage":"sr-RS","potentialAction":[{"@type":"ReadAction","target":["https:\/\/www.prishtinabike.com\/sr\/"]}]},{"@type":"BreadcrumbList","@id":"https:\/\/www.prishtinabike.com\/sr\/#breadcrumb","itemListElement":[{"@type":"ListItem","position":1,"name":"Startseite","item":"https:\/\/www.prishtinabike.com\/sr\/startseite\/"},{"@type":"ListItem","position":2,"name":"Startseite"}]},{"@type":"WebSite","@id":"https:\/\/www.prishtinabike.com\/sr\/#website","url":"https:\/\/www.prishtinabike.com\/sr\/","name":"Prishtina bike","description":"Bike Sharing by nextbike","potentialAction":[{"@type":"SearchAction","target":{"@type":"EntryPoint","urlTemplate":"https:\/\/www.prishtinabike.com\/sr\/?s={search_term_string}"},"query-input":{"@type":"PropertyValueSpecification","valueRequired":true,"valueName":"search_term_string"}}],"inLanguage":"sr-RS"}]}},"_links":{"self":[{"href":"https:\/\/www.prishtinabike.com\/sr\/wp-json\/wp\/v2\/pages\/131","targetHints":{"allow":["GET"]}}],"collection":[{"href":"https:\/\/www.prishtinabike.com\/sr\/wp-json\/wp\/v2\/pages"}],"about":[{"href":"https:\/\/www.prishtinabike.com\/sr\/wp-json\/wp\/v2\/types\/page"}],"author":[{"embeddable":true,"href":"https:\/\/www.prishtinabike.com\/sr\/wp-json\/wp\/v2\/users\/5"}],"replies":[{"embeddable":true,"href":"https:\/\/www.prishtinabike.com\/sr\/wp-json\/wp\/v2\/comments?post=131"}],"version-history":[{"count":1,"href":"https:\/\/www.prishtinabike.com\/sr\/wp-json\/wp\/v2\/pages\/131\/revisions"}],"predecessor-version":[{"id":173,"href":"https:\/\/www.prishtinabike.com\/sr\/wp-json\/wp\/v2\/pages\/131\/revisions\/173"}],"wp:attachment":[{"href":"https:\/\/www.prishtinabike.com\/sr\/wp-json\/wp\/v2\/media?parent=131"}],"curies":[{"name":"wp","href":"https:\/\/api.w.org\/{rel}","templated":true}]}}